{"id":1514,"date":"2022-06-17T11:12:56","date_gmt":"2022-06-17T11:12:56","guid":{"rendered":"http:\/\/www.aqbond.com.uvirt122.active24.cz\/?page_id=1514"},"modified":"2022-10-12T14:03:51","modified_gmt":"2022-10-12T14:03:51","slug":"notifications","status":"publish","type":"page","link":"https:\/\/www.aqbond.com\/?page_id=1514","title":{"rendered":"Notifications"},"content":{"rendered":"\t\t<div data-elementor-type=\"wp-page\" data-elementor-id=\"1514\" class=\"elementor elementor-1514\">\n\t\t\t\t\t\t\t\t\t<section class=\"elementor-section elementor-top-section elementor-element elementor-element-5f9db8a8 elementor-section-boxed elementor-section-height-default elementor-section-height-default\" data-id=\"5f9db8a8\" data-element_type=\"section\" data-settings=\"{&quot;background_background&quot;:&quot;classic&quot;}\">\n\t\t\t\t\t\t<div class=\"elementor-container elementor-column-gap-default\">\n\t\t\t\t\t<div class=\"elementor-column elementor-col-100 elementor-top-column elementor-element elementor-element-364512e8\" data-id=\"364512e8\" data-element_type=\"column\">\n\t\t\t<div class=\"elementor-widget-wrap elementor-element-populated\">\n\t\t\t\t\t\t\t\t<div class=\"elementor-element elementor-element-2bee586 elementor-nav-menu__align-center elementor-nav-menu--dropdown-tablet elementor-nav-menu__text-align-aside elementor-nav-menu--toggle elementor-nav-menu--burger elementor-widget elementor-widget-nav-menu\" data-id=\"2bee586\" data-element_type=\"widget\" data-settings=\"{&quot;layout&quot;:&quot;horizontal&quot;,&quot;submenu_icon&quot;:{&quot;value&quot;:&quot;&lt;i class=\\&quot;fas fa-caret-down\\&quot;&gt;&lt;\\\/i&gt;&quot;,&quot;library&quot;:&quot;fa-solid&quot;},&quot;toggle&quot;:&quot;burger&quot;}\" data-widget_type=\"nav-menu.default\">\n\t\t\t\t<div class=\"elementor-widget-container\">\n\t\t\t<link rel=\"stylesheet\" href=\"http:\/\/www.aqbond.com\/wp-content\/plugins\/elementor-pro\/assets\/css\/widget-nav-menu.min.css\">\t\t\t<nav migration_allowed=\"1\" migrated=\"0\" role=\"navigation\" class=\"elementor-nav-menu--main elementor-nav-menu__container elementor-nav-menu--layout-horizontal e--pointer-text e--animation-grow\">\n\t\t\t\t<ul id=\"menu-1-2bee586\" class=\"elementor-nav-menu\"><li class=\"menu-item menu-item-type-custom menu-item-object-custom menu-item-1473\"><a href=\"http:\/\/www.aqbond.com\/?page_id=1364\" class=\"elementor-item menu-link\">Bond<\/a><\/li>\n<li class=\"menu-item menu-item-type-post_type menu-item-object-page menu-item-1547\"><a href=\"https:\/\/www.aqbond.com\/?page_id=1514\" class=\"elementor-item menu-link\">Notifications<\/a><\/li>\n<li class=\"menu-item menu-item-type-post_type menu-item-object-page menu-item-1546\"><a href=\"https:\/\/www.aqbond.com\/?page_id=1543\" class=\"elementor-item menu-link\">Reports<\/a><\/li>\n<li class=\"menu-item menu-item-type-post_type menu-item-object-page menu-item-1548\"><a href=\"https:\/\/www.aqbond.com\/?page_id=1396\" class=\"elementor-item menu-link\">Contact<\/a><\/li>\n<\/ul>\t\t\t<\/nav>\n\t\t\t\t\t<div class=\"elementor-menu-toggle\" role=\"button\" tabindex=\"0\" aria-label=\"Menu Toggle\" aria-expanded=\"false\">\n\t\t\t<i aria-hidden=\"true\" role=\"presentation\" class=\"elementor-menu-toggle__icon--open eicon-menu-bar\"><\/i><i aria-hidden=\"true\" role=\"presentation\" class=\"elementor-menu-toggle__icon--close eicon-close\"><\/i>\t\t\t<span class=\"elementor-screen-only\">Menu<\/span>\n\t\t<\/div>\n\t\t\t<nav class=\"elementor-nav-menu--dropdown elementor-nav-menu__container\" role=\"navigation\" aria-hidden=\"true\">\n\t\t\t\t<ul id=\"menu-2-2bee586\" class=\"elementor-nav-menu\"><li class=\"menu-item menu-item-type-custom menu-item-object-custom menu-item-1473\"><a href=\"http:\/\/www.aqbond.com\/?page_id=1364\" class=\"elementor-item menu-link\" tabindex=\"-1\">Bond<\/a><\/li>\n<li class=\"menu-item menu-item-type-post_type menu-item-object-page menu-item-1547\"><a href=\"https:\/\/www.aqbond.com\/?page_id=1514\" class=\"elementor-item menu-link\" tabindex=\"-1\">Notifications<\/a><\/li>\n<li class=\"menu-item menu-item-type-post_type menu-item-object-page menu-item-1546\"><a href=\"https:\/\/www.aqbond.com\/?page_id=1543\" class=\"elementor-item menu-link\" tabindex=\"-1\">Reports<\/a><\/li>\n<li class=\"menu-item menu-item-type-post_type menu-item-object-page menu-item-1548\"><a href=\"https:\/\/www.aqbond.com\/?page_id=1396\" class=\"elementor-item menu-link\" tabindex=\"-1\">Contact<\/a><\/li>\n<\/ul>\t\t\t<\/nav>\n\t\t\t\t<\/div>\n\t\t\t\t<\/div>\n\t\t\t\t\t<\/div>\n\t\t<\/div>\n\t\t\t\t\t\t\t<\/div>\n\t\t<\/section>\n\t\t\t\t<section class=\"elementor-section elementor-top-section elementor-element elementor-element-2e7295c elementor-section-boxed elementor-section-height-default elementor-section-height-default\" data-id=\"2e7295c\" data-element_type=\"section\" data-settings=\"{&quot;background_background&quot;:&quot;classic&quot;}\">\n\t\t\t\t\t\t<div class=\"elementor-container elementor-column-gap-default\">\n\t\t\t\t\t<div class=\"elementor-column elementor-col-100 elementor-top-column elementor-element elementor-element-aaa3fea\" data-id=\"aaa3fea\" data-element_type=\"column\">\n\t\t\t<div class=\"elementor-widget-wrap elementor-element-populated\">\n\t\t\t\t\t\t\t\t<div class=\"elementor-element elementor-element-e4c06ad elementor-widget elementor-widget-spacer\" data-id=\"e4c06ad\" data-element_type=\"widget\" data-widget_type=\"spacer.default\">\n\t\t\t\t<div class=\"elementor-widget-container\">\n\t\t\t<style>\/*! elementor - v3.6.6 - 08-06-2022 *\/\n.e-container.e-container--row .elementor-spacer-inner{width:var(--spacer-size)}.e-container.e-container--column .elementor-spacer-inner,.elementor-column .elementor-spacer-inner{height:var(--spacer-size)}<\/style>\t\t<div class=\"elementor-spacer\">\n\t\t\t<div class=\"elementor-spacer-inner\"><\/div>\n\t\t<\/div>\n\t\t\t\t<\/div>\n\t\t\t\t<\/div>\n\t\t\t\t<div class=\"elementor-element elementor-element-2ce8ae7 elementor-widget elementor-widget-heading\" data-id=\"2ce8ae7\" data-element_type=\"widget\" data-widget_type=\"heading.default\">\n\t\t\t\t<div class=\"elementor-widget-container\">\n\t\t\t<style>\/*! elementor - v3.6.6 - 08-06-2022 *\/\n.elementor-heading-title{padding:0;margin:0;line-height:1}.elementor-widget-heading .elementor-heading-title[class*=elementor-size-]>a{color:inherit;font-size:inherit;line-height:inherit}.elementor-widget-heading .elementor-heading-title.elementor-size-small{font-size:15px}.elementor-widget-heading .elementor-heading-title.elementor-size-medium{font-size:19px}.elementor-widget-heading .elementor-heading-title.elementor-size-large{font-size:29px}.elementor-widget-heading .elementor-heading-title.elementor-size-xl{font-size:39px}.elementor-widget-heading .elementor-heading-title.elementor-size-xxl{font-size:59px}<\/style><h2 class=\"elementor-heading-title elementor-size-default\">Notifications<\/h2>\t\t<\/div>\n\t\t\t\t<\/div>\n\t\t\t\t<div class=\"elementor-element elementor-element-e567c09 elementor-widget elementor-widget-spacer\" data-id=\"e567c09\" data-element_type=\"widget\" data-widget_type=\"spacer.default\">\n\t\t\t\t<div class=\"elementor-widget-container\">\n\t\t\t\t\t<div class=\"elementor-spacer\">\n\t\t\t<div class=\"elementor-spacer-inner\"><\/div>\n\t\t<\/div>\n\t\t\t\t<\/div>\n\t\t\t\t<\/div>\n\t\t\t\t<div class=\"elementor-element elementor-element-c5cfea2 elementor-widget elementor-widget-text-editor\" data-id=\"c5cfea2\" data-element_type=\"widget\" data-widget_type=\"text-editor.default\">\n\t\t\t\t<div class=\"elementor-widget-container\">\n\t\t\t<style>\/*! elementor - v3.6.6 - 08-06-2022 *\/\n.elementor-widget-text-editor.elementor-drop-cap-view-stacked .elementor-drop-cap{background-color:#818a91;color:#fff}.elementor-widget-text-editor.elementor-drop-cap-view-framed .elementor-drop-cap{color:#818a91;border:3px solid;background-color:transparent}.elementor-widget-text-editor:not(.elementor-drop-cap-view-default) .elementor-drop-cap{margin-top:8px}.elementor-widget-text-editor:not(.elementor-drop-cap-view-default) .elementor-drop-cap-letter{width:1em;height:1em}.elementor-widget-text-editor .elementor-drop-cap{float:left;text-align:center;line-height:1;font-size:50px}.elementor-widget-text-editor .elementor-drop-cap-letter{display:inline-block}<\/style>\t\t\t\t<p><a href=\"https:\/\/www.aqbond.com\/wp-content\/uploads\/2022\/08\/Addition-to-Annual-Report-2021.zip\"><span style=\"color: #d45c28;\">Addition to Annual Report 2021 (XML)<\/span><\/a><\/p><p><span style=\"color: #d45c28;\"><a style=\"color: #d45c28;\" href=\"http:\/\/www.aqbond.com\/wp-content\/uploads\/2022\/10\/Response-to-shortcomings_inter-2021-final.pdf\">Addition to Semi-Annual Report 2021<\/a><\/span><\/p><p><span style=\"color: #d45c28;\"><a style=\"color: #d45c28;\" href=\"http:\/\/www.aqbond.com\/wp-content\/uploads\/2022\/06\/OZNAMENI-O-PATE-VYPLATE-UROKOVEHO-VYNOSU-A-SPLACENI-JISTINY-Alpha-Quest-450_2021.pdf\" target=\"_blank\" rel=\"noopener\">Ozn\u00e1men\u00ed o p\u00e1t\u00e9 v\u00fdplat\u011b \u00farokov\u00e9ho v\u00fdnosu a splacen\u00ed jistiny Alpha Quest 4,50_2021<\/a><\/span><span style=\"color: #d45c28;\"><a style=\"color: #d45c28;\" href=\"http:\/\/www.aqbond.com\/wp-content\/uploads\/2022\/06\/AQ-Affidavit-reference-member-state-27.9.2021.pdf\" target=\"_blank\" rel=\"noopener\">AQ<\/a><\/span><\/p><p><span style=\"color: #d45c28;\"><a style=\"color: #d45c28;\" href=\"http:\/\/www.aqbond.com\/wp-content\/uploads\/2022\/06\/AQ-Affidavit-reference-member-state-27.9.2021.pdf\" target=\"_blank\" rel=\"noopener\">Affidavit reference member state 27.9.2021<\/a><\/span><\/p><p><span style=\"color: #d45c28;\"><a style=\"color: #d45c28;\" href=\"http:\/\/www.aqbond.com\/wp-content\/uploads\/2022\/06\/NBS-Response-to-shortcomings_FS-2020.pdf\">Response to shortcomings Annual Report 2020<\/a><\/span><\/p><p><span style=\"color: #d45c28;\"><a style=\"color: #d45c28;\" href=\"http:\/\/www.aqbond.com\/wp-content\/uploads\/2022\/06\/Alpha-Quest-notification-late-submission-29.4.2021.pdf\" target=\"_blank\" rel=\"noopener\">Notification regarding Annual Report 2020 submission<\/a><\/span><br \/><span style=\"color: #d45c28;\"><a style=\"color: #d45c28;\" href=\"http:\/\/www.aqbond.com\/wp-content\/uploads\/2022\/10\/Alpha-Quest-OZNAMENI-O-CTVRTE-VYPLATE-UROKOVEHO-VYNOSU-Alpha-Quest-450.pdf\" target=\"_blank\" rel=\"noopener\">Ozn\u00e1men\u00ed o \u010dtvrt\u00e9 v\u00fdplat\u011b \u00farokov\u00e9ho v\u00fdnosu<\/a><\/span><br \/><span style=\"color: #d45c28;\"><a style=\"color: #d45c28;\" href=\"http:\/\/www.aqbond.com\/wp-content\/uploads\/2022\/06\/Alpha-Quest_CNB_Covid19-20200415-1.pdf\" target=\"_blank\" rel=\"noopener\">Notification regarding Annual Report 2019 submission<\/a><\/span><br \/><span style=\"color: #d45c28;\"><a style=\"color: #d45c28;\" href=\"http:\/\/www.aqbond.com\/wp-content\/uploads\/2022\/10\/2018-Annual-AQ-Shortcomings-vyzva-1.11.2019.pdf\" target=\"_blank\" rel=\"noopener\">Response to shortcomings Annual Report 2018<\/a><\/span><br \/><span style=\"color: #d45c28;\"><a style=\"color: #d45c28;\" href=\"http:\/\/www.aqbond.com\/wp-content\/uploads\/2022\/06\/OZNAMENI-O-TRETI-VYPLATE-UROKOVEHO-VYNOSU-Alpha-Quest-4_50.pdf\" target=\"_blank\" rel=\"noopener\">Ozn\u00e1men\u00ed o t\u0159et\u00ed v\u00fdplat\u011b \u00farokov\u00e9ho v\u00fdnosu<\/a><\/span><br \/><span style=\"color: #d45c28;\"><a style=\"color: #d45c28;\" href=\"http:\/\/www.aqbond.com\/wp-content\/uploads\/2022\/06\/AQ-Shortcomings-Semi-Ann-2018.pdf\" target=\"_blank\" rel=\"noopener\">Response to shortcomings Semi-Annual Report June 30th 2018<\/a><\/span><br \/><span style=\"color: #d45c28;\"><a style=\"color: #d45c28;\" href=\"http:\/\/www.aqbond.com\/wp-content\/uploads\/2022\/06\/Alpha-Quest_AQ-Shortcomings-20180204.pdf\" target=\"_blank\" rel=\"noopener\">Response to shortcomings Annual Report 2017<\/a><\/span><br \/><span style=\"color: #d45c28;\"><a style=\"color: #d45c28;\" href=\"http:\/\/www.aqbond.com\/wp-content\/uploads\/2022\/06\/OZNA\u0301MENI\u0301-O-DRUHE\u0301-VY\u0301PLATE\u030c-U\u0301ROKOVE\u0301HO-VY\u0301NOSU-Alpha-Quest-4_50-1.pdf\" target=\"_blank\" rel=\"noopener\">Ozn\u00e1men\u00ed o druh\u00e9 v\u00fdplat\u011b \u00farokov\u00e9ho v\u00fdnosu<\/a><\/span><br \/><span style=\"color: #d45c28;\"><a style=\"color: #d45c28;\" href=\"http:\/\/www.aqbond.com\/wp-content\/uploads\/2022\/06\/Ozna\u0301meni\u0301-o-zme\u030cne\u030c-emisni\u0301ch-podmi\u0301nek.pdf\" target=\"_blank\" rel=\"noopener\">Ozna\u0301meni\u0301 o zme\u030cne\u030c emisni\u0301ch podmi\u0301nek<\/a><\/span><br \/><span style=\"color: #d45c28;\"><a style=\"color: #d45c28;\" href=\"http:\/\/www.aqbond.com\/wp-content\/uploads\/2022\/06\/U\u0301plne\u0301-zne\u030cni\u0301-emisni\u0301ch-podmi\u0301nek.pdf\" target=\"_blank\" rel=\"noopener\">U\u0301plne\u0301 zne\u030cni\u0301 emisni\u0301ch podmi\u0301nek<\/a><\/span><br \/><span style=\"color: #d45c28;\"><a style=\"color: #d45c28;\" href=\"http:\/\/www.aqbond.com\/wp-content\/uploads\/2022\/06\/Rozhodnuti\u0301-emitenta-o-zme\u030cne\u030c-Emisni\u0301ch-podmi\u0301nek.pdf\" target=\"_blank\" rel=\"noopener\">Rozhodnuti\u0301 emitenta o zme\u030cne\u030c Emisni\u0301ch podmi\u0301nek<\/a><\/span><br \/><span style=\"color: #d45c28;\"><a style=\"color: #d45c28;\" href=\"http:\/\/www.aqbond.com\/wp-content\/uploads\/2022\/06\/Za\u0301pis-ze-schu\u030aze-vlasni\u0301ku\u030a-dlhopisu\u030a.pdf\" target=\"_blank\" rel=\"noopener\">Za\u0301pis ze schu\u030aze vlastni\u0301ku\u030a dluhopisu\u030a<\/a><\/span><br \/><span style=\"color: #d45c28;\"><a style=\"color: #d45c28;\" href=\"http:\/\/www.aqbond.com\/wp-content\/uploads\/2022\/06\/Navrh-zmen-emisnich-podminek.pdf\" target=\"_blank\" rel=\"noopener\">N\u00e1vrh zm\u011bn emisn\u00edch podm\u00ednek<\/a><\/span><br \/><span style=\"color: #d45c28;\"><a style=\"color: #d45c28;\" href=\"http:\/\/www.aqbond.com\/wp-content\/uploads\/2022\/06\/Navrh-zmen-emisnich-podminek.pdf\" target=\"_blank\" rel=\"noopener\">Ozn\u00e1men\u00ed o svol\u00e1n\u00ed sch\u016fze vlastn\u00edku dluhopisu<\/a><\/span><br \/><span style=\"color: #d45c28;\"><a style=\"color: #d45c28;\" href=\"http:\/\/www.aqbond.com\/wp-content\/uploads\/2022\/06\/Oznameni-o-prvni-vyplate-urokoveho-vynosu.pdf\" target=\"_blank\" rel=\"noopener\">Ozn\u00e1men\u00ed o prvn\u00ed v\u00fdplat\u011b \u00farokov\u00e9ho v\u00fdnosu<\/a><\/span><br \/><a href=\"http:\/\/www.aqbond.com\/wp-content\/uploads\/2022\/06\/Interim_Fin_Stats.pdf\"><span style=\"color: #d45c28;\">Notification regarding\u00a0Annual Report<\/span><\/a><\/p>\t\t\t\t\t\t<\/div>\n\t\t\t\t<\/div>\n\t\t\t\t<div class=\"elementor-element elementor-element-60c82a9 elementor-widget elementor-widget-spacer\" data-id=\"60c82a9\" data-element_type=\"widget\" data-widget_type=\"spacer.default\">\n\t\t\t\t<div class=\"elementor-widget-container\">\n\t\t\t\t\t<div class=\"elementor-spacer\">\n\t\t\t<div class=\"elementor-spacer-inner\"><\/div>\n\t\t<\/div>\n\t\t\t\t<\/div>\n\t\t\t\t<\/div>\n\t\t\t\t\t<\/div>\n\t\t<\/div>\n\t\t\t\t\t\t\t<\/div>\n\t\t<\/section>\n\t\t\t\t\t\t\t<\/div>\n\t\t","protected":false},"excerpt":{"rendered":"<p>Notifications Addition to Annual Report 2021 (XML) Addition to Semi-Annual Report 2021 Ozn\u00e1men\u00ed o p\u00e1t\u00e9 v\u00fdplat\u011b \u00farokov\u00e9ho v\u00fdnosu a splacen\u00ed jistiny Alpha Quest 4,50_2021AQ Affidavit reference member state 27.9.2021 Response to shortcomings Annual Report 2020 Notification regarding Annual Report 2020 submissionOzn\u00e1men\u00ed o \u010dtvrt\u00e9 v\u00fdplat\u011b \u00farokov\u00e9ho v\u00fdnosuNotification regarding Annual Report 2019 submissionResponse to shortcomings Annual Report &hellip;<\/p>\n<p class=\"read-more\"> <a class=\"\" href=\"https:\/\/www.aqbond.com\/?page_id=1514\"> <span class=\"screen-reader-text\">Notifications<\/span> Read More &raquo;<\/a><\/p>\n","protected":false},"author":1,"featured_media":0,"parent":0,"menu_order":0,"comment_status":"closed","ping_status":"closed","template":"","meta":{"site-sidebar-layout":"no-sidebar","site-content-layout":"page-builder","ast-global-header-display":"","ast-main-header-display":"","ast-hfb-above-header-display":"","ast-hfb-below-header-display":"","ast-hfb-mobile-header-display":"","site-post-title":"disabled","ast-breadcrumbs-content":"","ast-featured-img":"disabled","footer-sml-layout":"","theme-transparent-header-meta":"","adv-header-id-meta":"","stick-header-meta":"","header-above-stick-meta":"","header-main-stick-meta":"","header-below-stick-meta":"","footnotes":""},"class_list":["post-1514","page","type-page","status-publish","hentry"],"_links":{"self":[{"href":"https:\/\/www.aqbond.com\/index.php?rest_route=\/wp\/v2\/pages\/1514","targetHints":{"allow":["GET"]}}],"collection":[{"href":"https:\/\/www.aqbond.com\/index.php?rest_route=\/wp\/v2\/pages"}],"about":[{"href":"https:\/\/www.aqbond.com\/index.php?rest_route=\/wp\/v2\/types\/page"}],"author":[{"embeddable":true,"href":"https:\/\/www.aqbond.com\/index.php?rest_route=\/wp\/v2\/users\/1"}],"replies":[{"embeddable":true,"href":"https:\/\/www.aqbond.com\/index.php?rest_route=%2Fwp%2Fv2%2Fcomments&post=1514"}],"version-history":[{"count":70,"href":"https:\/\/www.aqbond.com\/index.php?rest_route=\/wp\/v2\/pages\/1514\/revisions"}],"predecessor-version":[{"id":1947,"href":"https:\/\/www.aqbond.com\/index.php?rest_route=\/wp\/v2\/pages\/1514\/revisions\/1947"}],"wp:attachment":[{"href":"https:\/\/www.aqbond.com\/index.php?rest_route=%2Fwp%2Fv2%2Fmedia&parent=1514"}],"curies":[{"name":"wp","href":"https:\/\/api.w.org\/{rel}","templated":true}]}}